{"id":1146,"date":"2022-08-11T09:32:04","date_gmt":"2022-08-11T12:32:04","guid":{"rendered":"https:\/\/processodigital.ribeiraopreto.sp.gov.br\/centralajuda\/?page_id=1146"},"modified":"2025-05-19T11:05:28","modified_gmt":"2025-05-19T14:05:28","slug":"central-de-ajuda-pmrp","status":"publish","type":"page","link":"https:\/\/processodigital.ribeiraopreto.sp.gov.br\/centralajuda\/central-de-ajuda-pmrp\/","title":{"rendered":"Central de Ajuda PMRP"},"content":{"rendered":"<p><a href=\"https:\/\/www.ribeiraopreto.sp.gov.br\/portal\/\" target=\"_blank\"><br \/>\n\t\t\t\t\t\t\t<a rel=\"galeria\" class=\"fancybox\" target=\"_blank\" href=\"https:\/\/processodigital.ribeiraopreto.sp.gov.br\/centralajuda\/wp-content\/uploads\/elementor\/thumbs\/MicrosoftTeams-image-RED-pt3ws4w7er5izs48yblpu43izeblrnnntemm7yqznq.png\"><img src=\"https:\/\/processodigital.ribeiraopreto.sp.gov.br\/centralajuda\/wp-content\/uploads\/elementor\/thumbs\/MicrosoftTeams-image-RED-pt3ws4w7er5izs48yblpu43izeblrnnntemm7yqznq.png\" \" title=\"MicrosoftTeams-image RED\" alt=\"MicrosoftTeams-image RED\" loading=\"lazy\" \/><\/a>\t\t\t\t\t\t\t\t<\/a><\/p>\n<h2 style=\"text-align: center;\">CENTRAL DE AJUDA<\/h2>\n<p style=\"text-align: center;\">Prefeitura Municipal de Ribeir\u00e3o Preto<\/p>\n<h1>Portal de Atendimento<\/h1>\n<p>Seja bem-vindo \u00e0 Central de Ajuda do Portal de Atendimento. Aqui voc\u00ea encontrar\u00e1 as perguntas mais frequentes sobre a utiliza\u00e7\u00e3o do sistema &#8220;Solar BPM&#8221; e suas respectivas respostas.<\/p>\n<p><strong><a rel=\"galeria\" class=\"fancybox\" target=\"_blank\" href=\"https:\/\/ribeiraopreto.solarbpm.softplan.com.br\/centralajuda\/wp-content\/uploads\/2025\/03\/Simbolo-de-Exclamacao.jpg\"><img src=\"https:\/\/ribeiraopreto.solarbpm.softplan.com.br\/centralajuda\/wp-content\/uploads\/2025\/03\/Simbolo-de-Exclamacao.jpg\" \" alt=\"\" width=\"56\" height=\"62\" \/><\/a><\/strong><strong style=\"font-size: 17px;\">Importante: D\u00favidas sobre o conte\u00fado ou andamento do processo<\/strong><strong style=\"font-size: 17px;\">\u00a0 \u00a0 \u00a0 \u00a0 \u00a0 \u00a0 \u00a0 \u00a0 \u00a0 \u00a0 \u00a0 \u00a0 <em>N\u00c3O s\u00e3o tratadas por meio desta Central de Atendimento<\/em>.<\/strong><\/p>\n<p style=\"padding-left: 80px;\">Caso sua d\u00favida seja sobre o seu processo, por exemplo:<\/p>\n<ul>\n<li style=\"list-style-type: none;\">\n<ul>\n<li style=\"list-style-type: none;\">\n<ul>\n<li style=\"list-style-type: none;\">\n<ul>\n<li style=\"list-style-type: none;\">\n<ul>\n<li style=\"list-style-type: none;\">\n<ul>\n<li>Qual \u00e9 o andamento ou status atual;<\/li>\n<li>Porque o processo est\u00e1 parado;<\/li>\n<li>Onde o processo est\u00e1 tramitando;<\/li>\n<li>Prazo para an\u00e1lise ou conclus\u00e3o;<\/li>\n<li>Inclus\u00e3o de novos documentos;<\/li>\n<li>Encaminhamento ou retorno de processo;<\/li>\n<li>Outros assuntos correlatos.<\/li>\n<\/ul>\n<\/li>\n<\/ul>\n<\/li>\n<\/ul>\n<\/li>\n<\/ul>\n<\/li>\n<\/ul>\n<\/li>\n<\/ul>\n<p style=\"padding-left: 80px;\">Entre em contato diretamente com o Setor respons\u00e1vel de cada processo ou procure o <em>Poupatempo<\/em>.<br \/><em>Observa\u00e7\u00e3o: Os processos administrativos seguem os prazos legais estabelecidos pela Lei Complementar n\u00ba 1.497\/2003, que define os per\u00edodos para an\u00e1lise, decis\u00e3o e tramita\u00e7\u00e3o. Por isso, <strong>\u00e9 importante aguardar o cumprimento desses prazos antes de solicitar novos esclarecimentos<\/strong><\/em>.<\/p>\n<p><!DOCTYPE html><br \/>\n<html lang=\"pt-BR\"><br \/>\n<head><br \/>\n    <meta charset=\"UTF-8\"><br \/>\n    <meta name=\"viewport\" content=\"width=device-width, initial-scale=1.0\"><br \/>\n    <title>Poupatempo Ribeir\u00e3o Preto<\/title><\/p>\n<style>\n        body {\n            font-family: Arial, sans-serif;\n        }\n        .container {\n            margin: 20px;\n            padding-left: 80px;\n        }\n        .details {\n            display: none;\n            margin-top: 10px;\n            padding: 10px;\n            border: 1px solid #ccc;\n            border-radius: 5px;\n            background-color: #f9f9f9;\n        }\n        .title {\n            font-weight: bold;\n            color: #103d57;\n            text-decoration: underline;\n            cursor: pointer;\n        }\n    <\/style>\n<p><\/head><br \/>\n<body><br \/>\n        Poupatempo Ribeir\u00e3o Preto<\/p>\n<p style=\" margin: 1px\"p><strong>Localizado em:<\/strong> Novo Shopping Center Ribeir\u00e3o Preto<\/p>\n<p><\/p>\n<p style=\" margin: 1px\"><strong>Endere\u00e7o:<\/strong> Av. Pres. Kennedy, 1500 \u2013 Ribeir\u00e2nia, Ribeir\u00e3o Preto \u2013 SP, 14096-340<\/p>\n<p><\/p>\n<p style=\" margin: 1px\"><strong>Hor\u00e1rio de Funcionamento:<\/strong><\/p>\n<ul>\n<li style=\"list-style-type: none;\">\n<ul>\n<li style=\"list-style-type: none;\">\n<ul>\n<li>Segunda \u00e0 Sexta-feira &#8211; 09h00 \u00e0s 17h00<\/li>\n<li>S\u00e1bado &#8211; 09h00 \u00e0s 13h00 <\/li>\n<\/ul>\n<\/li>\n<\/ul>\n<\/li>\n<\/ul>\n<\/ul>\n<p><\/body><br \/>\n<\/html>\t\t<\/p>\n<h1>Para uso da plataforma procure sua d\u00favida na rela\u00e7\u00e3o a seguir:<\/h1>\n<p>\t\t\t\t\t\t\t\t\t\t\t\t<a tabindex=\"0\">Como fa\u00e7o para me cadastrar no Portal de Atendimento? <\/a><\/p>\n<p>Para realizar cadastro de um novo usu\u00e1rio em nosso <a href=\"https:\/\/ribeiraopreto.solarbpm.softplan.com.br\/atendimento\/\" target=\"_blank\" rel=\"noopener\">portal <\/a>seguir o passo a passo abaixo:<\/p>\n<ul>\n<li>Clique em &#8220;Entrar&#8221;;<\/li>\n<li>Clique em &#8220;Criar Conta&#8221;;<\/li>\n<li>Selecione &#8220;Pessoa F\u00edsica&#8221; para cadastrar o CPF ou &#8220;Pessoa Jur\u00eddica&#8221; para CNPJ;<\/li>\n<li>Preencha o formul\u00e1rio de cadastro com os dados solicitados;<\/li>\n<li>Marque a op\u00e7\u00e3o \u201cLi e aceito os Termo de uso e Pol\u00edtica de privacidade.\u201d;<\/li>\n<li>Clique no bot\u00e3o &#8220;Salvar e continuar&#8221;;<br \/><em>Observa\u00e7\u00e3o<\/em>: Ap\u00f3s finaliza\u00e7\u00e3o do cadastro ser\u00e1 enviado um link de confirma\u00e7\u00e3o para o e-mail informado.\n<p><!--[if lt IE 9]><![endif]--><br \/>\n<video id=\"video-1146-1\" width=\"640\" height=\"360\" preload=\"metadata\" controls=\"controls\"><source type=\"video\/mp4\" src=\"https:\/\/ribeiraopreto.solarbpm.softplan.com.br\/centralajuda\/wp-content\/uploads\/2023\/09\/Novo-1-Como-faco-para-me-cadastrar-no-Portal-de-Atendimento.mp4?_=1\" \/><a href=\"https:\/\/ribeiraopreto.solarbpm.softplan.com.br\/centralajuda\/wp-content\/uploads\/2023\/09\/Novo-1-Como-faco-para-me-cadastrar-no-Portal-de-Atendimento.mp4\">https:\/\/ribeiraopreto.solarbpm.softplan.com.br\/centralajuda\/wp-content\/uploads\/2023\/09\/Novo-1-Como-faco-para-me-cadastrar-no-Portal-de-Atendimento.mp4<\/a><\/video><\/p>\n<p>\u00a0<\/p>\n<\/li>\n<\/ul>\n<p>\t\t\t\t\t\t\t\t\t\t\t\t<a tabindex=\"0\">N\u00e3o recebi link de confirma\u00e7\u00e3o de cadastro no e-mail. Que devo fazer?<\/a><\/p>\n<p>Finalizado cadastro de usu\u00e1rio, mas n\u00e3o recebi link de confirma\u00e7\u00e3o. Como devo proceder?<br \/>Alguns endere\u00e7os de e-mails podem bloquear o recebimento do link enviado pelo &#8220;Portal de Atendimento&#8221;.<\/p>\n<ul>\n<li>Verifique sua caixa de spam e o lixo eletr\u00f4nico;<\/li>\n<li>Caso ainda assim n\u00e3o encontre o link de confirma\u00e7\u00e3o, sendo e-mail corporativo, verifique com o setor de inform\u00e1tica da sua empresa a viabilidade de desbloquear o recebimento do nosso e-mail, ou, solicite \u00e0 unidade respons\u00e1vel a altera\u00e7\u00e3o do e-mail cadastrado para um endere\u00e7o de e-mail particular;<\/li>\n<\/ul>\n<p>\t\t\t\t\t\t\t\t\t\t\t\t<a tabindex=\"0\">Como fa\u00e7o para acessar o Portal de Atendimento? <\/a><\/p>\n<p>Ap\u00f3s a cria\u00e7\u00e3o e confirma\u00e7\u00e3o do cadastro de usu\u00e1rio, siga os pr\u00f3ximos passos para acessar nosso portal:<\/p>\n<ul>\n<li>Entre no &#8220;<a style=\"color: #343536;\" href=\"https:\/\/ribeiraopreto.solarbpm.softplan.com.br\/atendimento\/\" target=\"_blank\" rel=\"noopener\">Portal de Atendimento<\/a>&#8220;;<\/li>\n<li>Clique no bot\u00e3o &#8220;Entrar&#8221; no lado esquerdo da tela;<\/li>\n<li>Aparecer\u00e1 a tela de Login, dever\u00e1 informar o CPF ou CNPJ cadastrado e sua respectiva senha de acesso;<\/li>\n<li>Clique no bot\u00e3o &#8220;Entrar&#8221;;\n<p><video id=\"video-1146-2\" width=\"640\" height=\"360\" preload=\"metadata\" controls=\"controls\"><source type=\"video\/mp4\" src=\"https:\/\/ribeiraopreto.solarbpm.softplan.com.br\/centralajuda\/wp-content\/uploads\/2023\/11\/Novo-2-Como-faco-para-acessar-o-Portal-de-Atendimento.mp4?_=2\" \/><a href=\"https:\/\/ribeiraopreto.solarbpm.softplan.com.br\/centralajuda\/wp-content\/uploads\/2023\/11\/Novo-2-Como-faco-para-acessar-o-Portal-de-Atendimento.mp4\">https:\/\/ribeiraopreto.solarbpm.softplan.com.br\/centralajuda\/wp-content\/uploads\/2023\/11\/Novo-2-Como-faco-para-acessar-o-Portal-de-Atendimento.mp4<\/a><\/video><\/p>\n<p>\u00a0<\/p>\n<\/li>\n<\/ul>\n<p>\t\t\t\t\t\t\t\t\t\t\t\t<a tabindex=\"0\">Como alterar ou recuperar sua senha?<\/a><\/p>\n<p>Para recuperar a sua senha, primeiro voc\u00ea precisa acessar o link do nosso <strong><a href=\"https:\/\/ribeiraopreto.solarbpm.softplan.com.br\/atendimento\/\" target=\"_blank\" rel=\"noopener\">&#8220;<\/a><\/strong><a href=\"https:\/\/ribeiraopreto.solarbpm.softplan.com.br\/atendimento\/\" target=\"_blank\" rel=\"noopener\">Portal de Atendimento<\/a><strong><a href=\"https:\/\/ribeiraopreto.solarbpm.softplan.com.br\/atendimento\/\" target=\"_blank\" rel=\"noopener\">&#8220;<\/a><\/strong> e seguir o passo a passo abaixo:<\/p>\n<ul>\n<li>Clique na op\u00e7\u00e3o &#8220;Entrar&#8221; localizado no menu do lado esquerdo da tela;<\/li>\n<li>Em seguida, aparecer\u00e1 a tela de Login, selecione a op\u00e7\u00e3o &#8220;Esqueceu a senha?&#8221;;<\/li>\n<li>Informe o seu CPF ou CNPJ no campo solicitado;<\/li>\n<li>Clique em &#8220;Enviar&#8221;;<\/li>\n<li>Voc\u00ea ir\u00e1 receber um e-mail com a instru\u00e7\u00f5es para redefinir a sua senha de acesso;<\/li>\n<li>Clique na op\u00e7\u00e3o &#8220;Alterar a minha senha&#8221; no e-mail recebido e siga as pr\u00f3ximas etapas;<br \/><em>Observa\u00e7\u00e3o<\/em>: <em>Caso precise alterar o seu e-mail no cadastro, para conseguir redefinir sua senha, fa\u00e7a a solicita\u00e7\u00e3o pelo e-mail: processodigitalsuporte@ribeiraopreto.sp.gov.br.<\/em><\/li>\n<\/ul>\n<p>\t\t\t\t\t\t\t\t\t\t\t\t<a tabindex=\"0\">Como alterar e-mail de cadastro?<\/a><\/p>\n<p align=\"left\">Poss\u00edvel realizar a altera\u00e7\u00e3o do e-mail cadastrado no &#8220;Portal de Atendimento&#8221; seguindo os passos abaixo:<\/p>\n<ul>\n<li>Entre no &#8220;<a style=\"color: #343536;\" href=\"https:\/\/ribeiraopreto.solarbpm.softplan.com.br\/atendimento\/\" target=\"_blank\" rel=\"noopener\">Portal de Atendimento<\/a>&#8221; com CPF\/CNPJ e sua respectiva senha de acesso;<\/li>\n<li>Clique em &#8220;Meus Dados&#8221;; Essa tela \u00e9 informado todos os dados cadastrado.<\/li>\n<li>Preencha ou altere campo &#8220;E-mail&#8221; e clique no campo abaixo na tela &#8221; Salvar e continuar&#8221;;<\/li>\n<li>Na tela aparecer\u00e1 que a altera\u00e7\u00e3o foi salva.<\/li>\n<li>Poder\u00e1 sair e entrar novamente para consultar a troca;<\/li>\n<li><em>Observa\u00e7\u00e3o<\/em>: Caso n\u00e3o consiga preencher ou alterar e-mail cadastrado \u00e9 preciso comparecer pessoalmente ao poupatempo, munido de procura\u00e7\u00e3o ou outro documento que mostre que o mesmo \u00e9 representante da pessoa ou empresa.<\/li>\n<\/ul>\n<p>\t\t\t\t\t\t\t\t\t\t\t\t<a tabindex=\"0\">Estou com dificuldades t\u00e9cnicas no uso do Solar?<\/a><\/p>\n<p align=\"left\">Se voc\u00ea estiver com <strong>problemas t\u00e9cnicos<\/strong> no uso da plataforma Solar \u2014 como erro no login, travamento da tela, falha ao anexar documentos ou problemas na assinatura digital \u2014 siga as orienta\u00e7\u00f5es abaixo:<\/p>\n<ul>\n<li style=\"list-style-type: none;\">\n<ul>\n<li>Tente realizar o acesso utilizando outro navegador (preferencialmente Google Chrome ou Mozila Firefox);<\/li>\n<li>Limpe o cache do navegador e atualize a p\u00e1gina;<\/li>\n<li>Aguarde alguns minutos e tente novamente fora do hor\u00e1rio de pico;<\/li>\n<li>Em caso de erro de login, utilize a op\u00e7\u00e3o &#8220;Esqueceu a senha?&#8221; para recuperar o acesso.<\/li>\n<\/ul>\n<\/li>\n<\/ul>\n<p>Caso o problema <strong>persista mesmo ap\u00f3s essas tentativas<\/strong>, envie um e-mail para:<br \/>processodigitalsuporte@ribeiraopreto.sp.gov.br<\/p>\n<p><em>Aten\u00e7\u00e3o: Se a sua d\u00favida estiver relacionada <strong>ao conte\u00fado do processo<\/strong>, o atendimento n\u00e3o ser\u00e1 feito por esse canal. Nesses casos, voc\u00ea deve entrar em contato diretamente com o setor respons\u00e1vel.<\/em><\/p>\n<p>\t\t\t\t\t\t\t\t\t\t\t\t<a tabindex=\"0\">Pend\u00eancia no meu processo, como resolver?<\/a><\/p>\n<p align=\"left\">Para responder uma pend\u00eancia do seu processo, siga os pr\u00f3ximos passos:<\/p>\n<ul>\n<li>Entre no &#8220;<a style=\"color: #343536;\" href=\"https:\/\/ribeiraopreto.solarbpm.softplan.com.br\/atendimento\/\" target=\"_blank\" rel=\"noopener\">Portal de Atendimento<\/a>&#8221; com CPF\/CNPJ do interessado do processo e sua respectiva senha de acesso;<\/li>\n<li>Clique em \u201cMinhas Pend\u00eancias\u201d;<\/li>\n<li>Para pesquisa inserir: o prazo (inicial e final para consulta), e situa\u00e7\u00e3o (em aberto ou finalizada);<\/li>\n<li>Clique em \u201cConsultar\u201d para abrir a p\u00e1gina e executar o desej\u00e1vel para as pend\u00eancias pesquisadas, conforme as informa\u00e7\u00f5es apresentadas na tela;<br \/><em>Observa\u00e7\u00e3o<\/em>: Caso de d\u00favidas entre em contato com a secretaria respons\u00e1vel.<\/li>\n<\/ul>\n<p>\t\t\t\t\t\t\t\t\t\t\t\t<a tabindex=\"0\">Pend\u00eancia de assinatura no meu processo, como assinar?<\/a><\/p>\n<p>\u00c9 poss\u00edvel assinar documentos pelo &#8220;Portal de Atendimento&#8221; de duas formas:<br \/>&#8211; Certificado digital ICP-Brasil; Certificado digital A1 (arquivo digital) ou A3 (cart\u00e3o ou token).<br \/>&#8211; Assinatura eletr\u00f4nica do sistema.<\/p>\n<p>Para realizar a assinatura, siga os passos abaixo:<\/p>\n<ul>\n<li>Entre no &#8220;<a style=\"color: #343536;\" href=\"https:\/\/ribeiraopreto.solarbpm.softplan.com.br\/atendimento\/\" target=\"_blank\" rel=\"noopener\">Portal de Atendimento<\/a>&#8221; com CPF\/CNPJ do interessado do processo e sua respectiva senha de acesso;<\/li>\n<li>Clique em \u201cMinhas Pend\u00eancias\u201d;<\/li>\n<li>Localize a respectiva pend\u00eancia de assinatura;<\/li>\n<li>Clique em \u201cResolver pend\u00eancia\u201d para abrir a p\u00e1gina de assinatura;<\/li>\n<li>P\u00e1gina \u201cResolver pend\u00eancia \u2013 Assinatura de documentos (externa)\u201d ser\u00e1 aberta;<\/li>\n<li>Realizar assinatura, selecione op\u00e7\u00e3o &#8220;Assinar&#8221; de cada documento, ou clique na op\u00e7\u00e3o &#8220;Assinar&#8221; do cabe\u00e7alho, para assinar todos os documentos. Para recusar, selecione op\u00e7\u00e3o &#8220;Recusar&#8221;;<\/li>\n<li>No campo &#8220;Descri\u00e7\u00e3o da finaliza\u00e7\u00e3o&#8221; adicione uma descri\u00e7\u00e3o para encerrar a tarefa;<\/li>\n<li>Clique no bot\u00e3o &#8220;Finalizar tarefa&#8221;;<\/li>\n<li>Sistema vai exibir tela para selecionar o tipo de assinatura digital que deseja: &#8220;Assinatura ICP-Brasil&#8221; ou &#8220;Assinatura eletr\u00f4nica do sistema&#8221;; Caso de &#8220;Assinatura ICP-Brasil&#8221; \u00e9 preciso instalar software do certificado no computador. Dificuldades ou d\u00favidas na instala\u00e7\u00e3o entre em contato com a fornecedora do certificado. Selecionando op\u00e7\u00e3o &#8220;Assinatura eletr\u00f4nica do sistema&#8221; \u00e9 preciso informar senha de acesso do &#8220;Portal de Atendimento&#8221;;<\/li>\n<li>Selecionando &#8220;Assinatura ICP-Brasil&#8221; A3 (cart\u00e3o ou token) \u00e9 preciso digitar &#8220;PIN&#8221; (senha cadastrada para o uso do certificado);<\/li>\n<li>Selecionando &#8220;Assinatura eletr\u00f4nica do sistema&#8221; informe a senha de acesso do &#8220;Portal de Atendimento&#8221;;<\/li>\n<li>Clique no bot\u00e3o &#8220;Assinar&#8221;;<br \/>Conclu\u00eddo processo de assinatura dos documentos.<br \/><em>Observa\u00e7\u00e3o<\/em>: &#8220;Assinatura eletr\u00f4nica do sistema&#8221;\u00a0\u00e9 necess\u00e1rio que esta op\u00e7\u00e3o tenha sido habilitada pela unidade respons\u00e1vel ao criar a tarefa.<\/li>\n<\/ul>\n<p>\t\t\t\t\t\t\t\t\t\t\t\t<a tabindex=\"0\">Como instalar \u201cAssinatura eletr\u00f4nica do sistema\u201d?<\/a><\/p>\n<p align=\"left\">Caso precise assinar documentos de um processo utilizando \u201cAssinatura eletr\u00f4nica do sistema\u201d, siga os passos abaixo:<\/p>\n<ul>\n<li style=\"list-style-type: none;\">\n<ul>\n<li>Entre no &#8220;<a style=\"color: #343536;\" href=\"https:\/\/ribeiraopreto.solarbpm.softplan.com.br\/atendimento\/\" target=\"_blank\" rel=\"noopener\">Portal de Atendimento<\/a>&#8221; com CPF\/CNPJ do interessado do processo e sua respectiva senha de acesso;<\/li>\n<li>Clique em \u201cMinhas Pend\u00eancias\u201d;<\/li>\n<li>Localize a respectiva pend\u00eancia de assinatura;<\/li>\n<li>Clique em \u201cResolver pend\u00eancia\u201d para abrir a p\u00e1gina de assinatura;<\/li>\n<li>P\u00e1gina \u201cResolver pend\u00eancia \u2013 Assinatura de documentos (externa)\u201d ser\u00e1 aberta;<\/li>\n<li>Realizar assinatura, selecione op\u00e7\u00e3o &#8220;Assinar&#8221; de cada documento, ou clique na op\u00e7\u00e3o &#8220;Assinar&#8221; do cabe\u00e7alho, para assinar todos os documentos. Para recusar, selecione op\u00e7\u00e3o &#8220;Recusar&#8221;;<\/li>\n<li>No campo &#8220;Descri\u00e7\u00e3o da finaliza\u00e7\u00e3o&#8221; adicione uma descri\u00e7\u00e3o para encerrar a tarefa;<\/li>\n<li>Clique no bot\u00e3o &#8220;Finalizar tarefa&#8221;;<\/li>\n<li>Sistema vai exibir tela para selecionar o tipo de assinatura digital que deseja.<\/li>\n<li>Clique no link &#8220;clique aqui&#8221;;<\/li>\n<li>Fa\u00e7a instala\u00e7\u00e3o solicitada;<\/li>\n<li>Ap\u00f3s selecione op\u00e7\u00e3o &#8220;Assinatura eletr\u00f4nica do sistema&#8221; informe senha de acesso do &#8220;Portal de Atendimento&#8221;;<\/li>\n<li>Clique no bot\u00e3o &#8220;Assinar&#8221;;<br \/>Conclu\u00eddo processo de assinatura dos documentos.<\/li>\n<\/ul>\n<\/li>\n<\/ul>\n<p>\t\t\t\t\t\t\t\t\t\t\t\t<a tabindex=\"0\">Como acessar os anexos de um processo? <\/a><\/p>\n<p align=\"left\">Para acessar os anexos do processo, siga os pr\u00f3ximos passos:<\/p>\n<ul>\n<li>Entre no &#8220;<a style=\"color: #343536;\" href=\"https:\/\/ribeiraopreto.solarbpm.softplan.com.br\/atendimento\/\" target=\"_blank\" rel=\"noopener\">Portal de Atendimento<\/a>&#8221; com CPF\/CNPJ do interessado do processo e sua respectiva senha de acesso;<\/li>\n<li>Clique em \u201cMeus Processos\u201d;<\/li>\n<li>Clique no n\u00famero do processo para visualizar os dados. Caso tenha mais de um processo, ser\u00e3o exibidos todos os processos vinculados ao interessado;<\/li>\n<li>Ap\u00f3s abrir o processo, visualizar\u00e1 os Dados B\u00e1sicos na tela e ao lado ter\u00e1 escrito: \u201cDocumentos\u201d. Ao clicar em Documentos, aparecer\u00e1 o conte\u00fado do processo e ao lado o sistema exibe todos os documentos anexos ao processos.\u00a0<\/li>\n<\/ul>\n<p>\t\t\t\t\t\t\t\t\t\t\t\t<a tabindex=\"0\">Como solicitar vista a um processo?<\/a><\/p>\n<p align=\"left\">Para solicitar vista a um processo \u00e9 preciso entrar em contato com a secret\u00e1ria que o processo se encontra, munido de seu n\u00famero.<\/p>\n<p>\t\t\t\t\t\t\t\t\t\t\t\t<a tabindex=\"0\">Solicita\u00e7\u00e3o de vista aprovada, como acessar o processo?<\/a><\/p>\n<p align=\"left\">Ap\u00f3s a solicita\u00e7\u00e3o de vista, o processo ser\u00e1 disponibilizado para acesso via e-mail e tamb\u00e9m pelo &#8220;Portal de Atendimento&#8220;.\u00a0Para acess\u00e1-lo, siga os seguintes passos:<\/p>\n<ul>\n<li>Entrar no &#8220;<a style=\"color: #343536;\" href=\"https:\/\/ribeiraopreto.solarbpm.softplan.com.br\/atendimento\/\" target=\"_blank\" rel=\"noopener\">Portal de Atendimento<\/a>&#8221; com usu\u00e1rio e senha;<\/li>\n<li>Clique em \u201cProcessos liberados\u201d;<br \/><em>Observa\u00e7\u00e3o<\/em>: Caso de d\u00favidas entre em contato com a secretaria respons\u00e1vel.<\/li>\n<\/ul>\n<p>\t\t\t\t\t\t\t\t\t\t\t\t<a tabindex=\"0\">Como consultar um processo que n\u00e3o sou interessado?<\/a><\/p>\n<p align=\"left\">Caso n\u00e3o seja interessado e n\u00e3o tenha feito uma solicita\u00e7\u00e3o de vista, \u00e9 poss\u00edvel consultar apenas os dados b\u00e1sicos do processo, atrav\u00e9s dos seguintes passos:<\/p>\n<ul>\n<li>Entre no &#8220;<a style=\"color: #343536;\" href=\"https:\/\/ribeiraopreto.solarbpm.softplan.com.br\/atendimento\/\" target=\"_blank\" rel=\"noopener\">Portal de Atendimento<\/a>&#8221; com usu\u00e1rio e senha;<\/li>\n<li>Clique em \u201cConsulta de Processos\u201d;<\/li>\n<li>Preencha com informa\u00e7\u00f5es do processo que deseja consultar, &#8220;PMRP&#8221; \/ ano \/ n\u00famero; Exemplo: PMRP 2020\/01200.<\/li>\n<li>Marque a op\u00e7\u00e3o &#8220;N\u00e3o sou um rob\u00f4&#8221;;<\/li>\n<li>Clique no bot\u00e3o \u201cConsulta\u201d;<br \/><em>Observa\u00e7\u00e3o<\/em>: N\u00e3o \u00e9 poss\u00edvel visualizar os documentos anexados ao processo nesse tipo de consulta.<\/li>\n<\/ul>\n<h1>Lista de Contatos das Secretarias Municipais:<\/h1>\n<ul>\n<li>Secretaria Municipal da Administra\u00e7\u00e3o &#8211; (16) 3977-8833<\/li>\n<li>Secretaria de Assist\u00eancia Social &#8211; (16) 3961-3932<\/li>\n<li>Secretaria Municipal da Cultura e Turismo &#8211; (16) 3977-7400<\/li>\n<li>Secretaria Municipal da Educa\u00e7\u00e3o &#8211; (16) 3977-9100<\/li>\n<li>Secretaria Municipal da Fazenda &#8211; (16) 3977-5700<\/li>\n<li>Secretaria Municipal da Infraestrutura &#8211; (16) 3968-8650<\/li>\n<li>Secretaria Municipal de Justi\u00e7a &#8211; (16) 3977-9000<\/li>\n<li>Secretaria Municipal do Meio Ambiente &#8211; (16) 3603-9138<\/li>\n<li>Secretaria Municipal de Planejamento e Urbanismo &#8211; (16) 3977-9133<\/li>\n<li>Secretaria Municipal da Sa\u00fade &#8211; (16) 3977-9300<\/li>\n<li>Secretaria Municipal de \u00c1gua e Esgoto de Ribeir\u00e3o Preto (SAERP) &#8211; (16) 3607-2200<\/li>\n<\/ul>\n<p>\t\t\t\t\t\t\t\t\t\t\t\t\t\t\t\t<a href=\"https:\/\/www.softplan.com.br\/\" target=\"_blank\"><br \/>\n\t\t\t\t\t\t\t<a rel=\"galeria\" class=\"fancybox\" target=\"_blank\" href=\"https:\/\/processodigital.ribeiraopreto.sp.gov.br\/centralajuda\/wp-content\/uploads\/2022\/08\/MicrosoftTeams-image-2-300x62.png\"><img src=\"https:\/\/processodigital.ribeiraopreto.sp.gov.br\/centralajuda\/wp-content\/uploads\/2022\/08\/MicrosoftTeams-image-2-300x62.png\" \" alt=\"\" srcset=\"https:\/\/processodigital.ribeiraopreto.sp.gov.br\/centralajuda\/wp-content\/uploads\/2022\/08\/MicrosoftTeams-image-2-300x62.png 300w, https:\/\/processodigital.ribeiraopreto.sp.gov.br\/centralajuda\/wp-content\/uploads\/2022\/08\/MicrosoftTeams-image-2.png 500w\" sizes=\"(max-width: 300px) 100vw, 300px\" \/><\/a>\t\t\t\t\t\t\t\t<\/a><\/p>\n","protected":false},"excerpt":{"rendered":"<p>Importante: D\u00favidas sobre o conte\u00fado ou andamento do processo\u00a0 \u00a0 \u00a0 \u00a0 \u00a0 \u00a0 \u00a0 \u00a0 \u00a0 \u00a0 \u00a0 \u00a0 N\u00c3O s\u00e3o tratadas por meio desta Central de Atendimento. Caso sua d\u00favida seja sobre o seu processo, por exemplo: Qual \u00e9 o andamento ou status atual; Porque o processo est\u00e1 parado; Onde o processo est\u00e1 [&hellip;]<\/p>\n","protected":false},"author":5,"featured_media":0,"parent":0,"menu_order":0,"comment_status":"closed","ping_status":"closed","template":"","meta":[],"_links":{"self":[{"href":"https:\/\/processodigital.ribeiraopreto.sp.gov.br\/centralajuda\/wp-json\/wp\/v2\/pages\/1146"}],"collection":[{"href":"https:\/\/processodigital.ribeiraopreto.sp.gov.br\/centralajuda\/wp-json\/wp\/v2\/pages"}],"about":[{"href":"https:\/\/processodigital.ribeiraopreto.sp.gov.br\/centralajuda\/wp-json\/wp\/v2\/types\/page"}],"author":[{"embeddable":true,"href":"https:\/\/processodigital.ribeiraopreto.sp.gov.br\/centralajuda\/wp-json\/wp\/v2\/users\/5"}],"replies":[{"embeddable":true,"href":"https:\/\/processodigital.ribeiraopreto.sp.gov.br\/centralajuda\/wp-json\/wp\/v2\/comments?post=1146"}],"version-history":[{"count":476,"href":"https:\/\/processodigital.ribeiraopreto.sp.gov.br\/centralajuda\/wp-json\/wp\/v2\/pages\/1146\/revisions"}],"predecessor-version":[{"id":5275,"href":"https:\/\/processodigital.ribeiraopreto.sp.gov.br\/centralajuda\/wp-json\/wp\/v2\/pages\/1146\/revisions\/5275"}],"wp:attachment":[{"href":"https:\/\/processodigital.ribeiraopreto.sp.gov.br\/centralajuda\/wp-json\/wp\/v2\/media?parent=1146"}],"curies":[{"name":"wp","href":"https:\/\/api.w.org\/{rel}","templated":true}]}}