{"id":404,"date":"2021-10-28T15:42:16","date_gmt":"2021-10-28T18:42:16","guid":{"rendered":"https:\/\/processodigital.ribeiraopreto.sp.gov.br\/centralajuda\/?page_id=404"},"modified":"2022-04-07T11:14:44","modified_gmt":"2022-04-07T14:14:44","slug":"contatos","status":"publish","type":"page","link":"https:\/\/processodigital.ribeiraopreto.sp.gov.br\/centralajuda\/contatos\/","title":{"rendered":"Contato"},"content":{"rendered":"<style>\/*! elementor - v3.5.5 - 03-02-2022 *\/\n.elementor-widget-image{text-align:center}.elementor-widget-image a{display:inline-block}.elementor-widget-image a img[src$=\".svg\"]{width:48px}.elementor-widget-image img{vertical-align:middle;display:inline-block}<\/style>\n<p>\t\t\t\t\t\t\t\t\t\t\t\t\t<a href=\"https:\/\/www.ribeiraopreto.sp.gov.br\/portal\/\" target=\"_blank\" rel=\"noopener\"><br \/>\n\t\t\t\t\t\t\t<a rel=\"galeria\" class=\"fancybox\" target=\"_blank\" href=\"https:\/\/processodigital.ribeiraopreto.sp.gov.br\/centralajuda\/wp-content\/uploads\/2021\/10\/logopmrp-2021.jpg\"><img src=\"https:\/\/processodigital.ribeiraopreto.sp.gov.br\/centralajuda\/wp-content\/uploads\/2021\/10\/logopmrp-2021.jpg\" \" alt=\"\" loading=\"lazy\" srcset=\"https:\/\/processodigital.ribeiraopreto.sp.gov.br\/centralajuda\/wp-content\/uploads\/2021\/10\/logopmrp-2021.jpg 780w, https:\/\/processodigital.ribeiraopreto.sp.gov.br\/centralajuda\/wp-content\/uploads\/2021\/10\/logopmrp-2021-300x62.jpg 300w, https:\/\/processodigital.ribeiraopreto.sp.gov.br\/centralajuda\/wp-content\/uploads\/2021\/10\/logopmrp-2021-768x159.jpg 768w\" sizes=\"(max-width: 660px) 100vw, 660px\" \/><\/a>\t\t\t\t\t\t\t\t<\/a><br \/>\n\t\t\t\t\t\t\t\t\t\t\t\t\t\t\t\t<a href=\"https:\/\/ribeiraopreto.solarbpm.softplan.com.br\/atendimento\/\" target=\"_blank\" rel=\"noopener\"><br \/>\n\t\t\t\t\t\t\t<a rel=\"galeria\" class=\"fancybox\" target=\"_blank\" href=\"https:\/\/processodigital.ribeiraopreto.sp.gov.br\/centralajuda\/wp-content\/uploads\/2021\/05\/Logo-Solar-1024x165.png\"><img src=\"https:\/\/processodigital.ribeiraopreto.sp.gov.br\/centralajuda\/wp-content\/uploads\/2021\/05\/Logo-Solar-1024x165.png\" \" alt=\"SOLAR BPM\" loading=\"lazy\" srcset=\"https:\/\/processodigital.ribeiraopreto.sp.gov.br\/centralajuda\/wp-content\/uploads\/2021\/05\/Logo-Solar-1024x165.png 1024w, https:\/\/processodigital.ribeiraopreto.sp.gov.br\/centralajuda\/wp-content\/uploads\/2021\/05\/Logo-Solar-300x48.png 300w, https:\/\/processodigital.ribeiraopreto.sp.gov.br\/centralajuda\/wp-content\/uploads\/2021\/05\/Logo-Solar-768x124.png 768w, https:\/\/processodigital.ribeiraopreto.sp.gov.br\/centralajuda\/wp-content\/uploads\/2021\/05\/Logo-Solar-1536x247.png 1536w, https:\/\/processodigital.ribeiraopreto.sp.gov.br\/centralajuda\/wp-content\/uploads\/2021\/05\/Logo-Solar.png 1832w\" sizes=\"(max-width: 660px) 100vw, 660px\" \/><\/a>\t\t\t\t\t\t\t\t<\/a><\/p>\n<style>\/*! elementor - v3.5.5 - 03-02-2022 *\/\n.elementor-heading-title{padding:0;margin:0;line-height:1}.elementor-widget-heading .elementor-heading-title[class*=elementor-size-]>a{color:inherit;font-size:inherit;line-height:inherit}.elementor-widget-heading .elementor-heading-title.elementor-size-small{font-size:15px}.elementor-widget-heading .elementor-heading-title.elementor-size-medium{font-size:19px}.elementor-widget-heading .elementor-heading-title.elementor-size-large{font-size:29px}.elementor-widget-heading .elementor-heading-title.elementor-size-xl{font-size:39px}.elementor-widget-heading .elementor-heading-title.elementor-size-xxl{font-size:59px}<\/style>\n<h1>Contatos<\/h1>\n<p>Secretaria da Fazenda<\/p>\n<p>Tributos, taxas, IPTU, ISS e assuntos relacionados a empresas.<\/p>\n<p>Telefone: (16) 3977-5700<\/p>\n<p>Suporte t\u00e9cnico<\/p>\n<p>Problemas na utiliza\u00e7\u00e3o do sistema<\/p>\n<p>E-mail: suporterp@softplan.com.br<\/p>\n<p>Secretaria da Administra\u00e7\u00e3o<\/p>\n<p>Recursos Humanos e Assuntos AdministrativosTelefone: (16) 3977-8833<\/p>\n<p>Secretaria da Sa\u00fade<\/p>\n<p>Licen\u00e7a Sanit\u00e1ria, Medicina do trabalho, CAPS entre outros assuntos<\/p>\n<p>Telefone: (16) 3610-6940<\/p>\n<p>\t\t\t\t\t\t\t\t\t\t\t\t\t\t\t<a rel=\"galeria\" class=\"fancybox\" target=\"_blank\" href=\"https:\/\/processodigital.ribeiraopreto.sp.gov.br\/centralajuda\/wp-content\/uploads\/2021\/10\/softplan_logo.png\"><img src=\"https:\/\/processodigital.ribeiraopreto.sp.gov.br\/centralajuda\/wp-content\/uploads\/2021\/10\/softplan_logo.png\" \" alt=\"\" loading=\"lazy\" srcset=\"https:\/\/processodigital.ribeiraopreto.sp.gov.br\/centralajuda\/wp-content\/uploads\/2021\/10\/softplan_logo.png 500w, https:\/\/processodigital.ribeiraopreto.sp.gov.br\/centralajuda\/wp-content\/uploads\/2021\/10\/softplan_logo-300x62.png 300w\" sizes=\"(max-width: 500px) 100vw, 500px\" \/><\/a><\/p>\n","protected":false},"excerpt":{"rendered":"<p>Contatos Secretaria da Fazenda Tributos, taxas, IPTU, ISS e assuntos relacionados a empresas. Telefone: (16) 3977-5700 Suporte t\u00e9cnico Problemas na utiliza\u00e7\u00e3o do sistema E-mail: suporterp@softplan.com.br Secretaria da Administra\u00e7\u00e3o Recursos Humanos e Assuntos AdministrativosTelefone: (16) 3977-8833 Secretaria da Sa\u00fade Licen\u00e7a Sanit\u00e1ria, Medicina do trabalho, CAPS entre outros assuntos Telefone: (16) 3610-6940<\/p>\n","protected":false},"author":5,"featured_media":0,"parent":0,"menu_order":0,"comment_status":"closed","ping_status":"closed","template":"elementor_canvas","meta":[],"_links":{"self":[{"href":"https:\/\/processodigital.ribeiraopreto.sp.gov.br\/centralajuda\/wp-json\/wp\/v2\/pages\/404"}],"collection":[{"href":"https:\/\/processodigital.ribeiraopreto.sp.gov.br\/centralajuda\/wp-json\/wp\/v2\/pages"}],"about":[{"href":"https:\/\/processodigital.ribeiraopreto.sp.gov.br\/centralajuda\/wp-json\/wp\/v2\/types\/page"}],"author":[{"embeddable":true,"href":"https:\/\/processodigital.ribeiraopreto.sp.gov.br\/centralajuda\/wp-json\/wp\/v2\/users\/5"}],"replies":[{"embeddable":true,"href":"https:\/\/processodigital.ribeiraopreto.sp.gov.br\/centralajuda\/wp-json\/wp\/v2\/comments?post=404"}],"version-history":[{"count":178,"href":"https:\/\/processodigital.ribeiraopreto.sp.gov.br\/centralajuda\/wp-json\/wp\/v2\/pages\/404\/revisions"}],"predecessor-version":[{"id":959,"href":"https:\/\/processodigital.ribeiraopreto.sp.gov.br\/centralajuda\/wp-json\/wp\/v2\/pages\/404\/revisions\/959"}],"wp:attachment":[{"href":"https:\/\/processodigital.ribeiraopreto.sp.gov.br\/centralajuda\/wp-json\/wp\/v2\/media?parent=404"}],"curies":[{"name":"wp","href":"https:\/\/api.w.org\/{rel}","templated":true}]}}